{"id":144,"date":"2020-07-14T00:27:55","date_gmt":"2020-07-14T00:27:55","guid":{"rendered":"https:\/\/butterflystore.com.ar\/web\/?page_id=144"},"modified":"2020-08-12T22:50:48","modified_gmt":"2020-08-12T22:50:48","slug":"como-comprar","status":"publish","type":"page","link":"https:\/\/butterflystore.com.ar\/web\/como-comprar\/","title":{"rendered":"Como Comprar"},"content":{"rendered":"\n<ul class=\"wp-block-list\"><li>Primero tenes que ingresar a la tienda.<\/li><li>Podes comprar agregando los accesorios al carrito directamente y cuando vayas a finalizar la compra, el sistema te va a pedir los datos para realizar el envio.<\/li><li>Tambi\u00e9n podes crear una cuenta en la solapa Mi Cuenta, el sistema te va a pedir un correo electr\u00f3nico para enviarte los datos de usuario, con esa informaci\u00f3n podes logearte dentro de la tienda y comprar de la misma manera.<\/li><\/ul>\n ","protected":false},"excerpt":{"rendered":"<p>Primero tenes que ingresar a la tienda. Podes comprar agregando los accesorios al carrito directamente y cuando vayas a finalizar la compra, el sistema te va a pedir los datos<\/p>\n","protected":false},"author":1,"featured_media":0,"parent":0,"menu_order":0,"comment_status":"closed","ping_status":"closed","template":"","meta":{"footnotes":""},"class_list":{"1":"page","2":"type-page","3":"status-publish","4":"hentry"},"yoast_head":"<!-- This site is optimized with the Yoast SEO plugin v26.9 - https:\/\/yoast.com\/product\/yoast-seo-wordpress\/ -->\n<title>Como Comprar - Butterfly Store<\/title>\n<meta name=\"robots\" content=\"index, follow, max-snippet:-1, max-image-preview:large, max-video-preview:-1\" \/>\n<link rel=\"canonical\" href=\"https:\/\/butterflystore.com.ar\/web\/como-comprar\/\" \/>\n<meta property=\"og:locale\" content=\"es_ES\" \/>\n<meta property=\"og:type\" content=\"article\" \/>\n<meta property=\"og:title\" content=\"Como Comprar - Butterfly Store\" \/>\n<meta property=\"og:description\" content=\"Primero tenes que ingresar a la tienda. Podes comprar agregando los accesorios al carrito directamente y cuando vayas a finalizar la compra, el sistema te va a pedir los datos\" \/>\n<meta property=\"og:url\" content=\"https:\/\/butterflystore.com.ar\/web\/como-comprar\/\" \/>\n<meta property=\"og:site_name\" content=\"Butterfly Store\" \/>\n<meta property=\"article:modified_time\" content=\"2020-08-12T22:50:48+00:00\" \/>\n<meta name=\"twitter:card\" content=\"summary_large_image\" \/>\n<script type=\"application\/ld+json\" class=\"yoast-schema-graph\">{\"@context\":\"https:\/\/schema.org\",\"@graph\":[{\"@type\":\"WebPage\",\"@id\":\"https:\/\/butterflystore.com.ar\/web\/como-comprar\/\",\"url\":\"https:\/\/butterflystore.com.ar\/web\/como-comprar\/\",\"name\":\"Como Comprar - Butterfly Store\",\"isPartOf\":{\"@id\":\"https:\/\/butterflystore.com.ar\/web\/#website\"},\"datePublished\":\"2020-07-14T00:27:55+00:00\",\"dateModified\":\"2020-08-12T22:50:48+00:00\",\"breadcrumb\":{\"@id\":\"https:\/\/butterflystore.com.ar\/web\/como-comprar\/#breadcrumb\"},\"inLanguage\":\"es\",\"potentialAction\":[{\"@type\":\"ReadAction\",\"target\":[\"https:\/\/butterflystore.com.ar\/web\/como-comprar\/\"]}]},{\"@type\":\"BreadcrumbList\",\"@id\":\"https:\/\/butterflystore.com.ar\/web\/como-comprar\/#breadcrumb\",\"itemListElement\":[{\"@type\":\"ListItem\",\"position\":1,\"name\":\"Portada\",\"item\":\"https:\/\/butterflystore.com.ar\/web\/\"},{\"@type\":\"ListItem\",\"position\":2,\"name\":\"Como Comprar\"}]},{\"@type\":\"WebSite\",\"@id\":\"https:\/\/butterflystore.com.ar\/web\/#website\",\"url\":\"https:\/\/butterflystore.com.ar\/web\/\",\"name\":\"Butterfly Store\",\"description\":\"Todo en Acero Quir\u00fargico\",\"publisher\":{\"@id\":\"https:\/\/butterflystore.com.ar\/web\/#organization\"},\"potentialAction\":[{\"@type\":\"SearchAction\",\"target\":{\"@type\":\"EntryPoint\",\"urlTemplate\":\"https:\/\/butterflystore.com.ar\/web\/?s={search_term_string}\"},\"query-input\":{\"@type\":\"PropertyValueSpecification\",\"valueRequired\":true,\"valueName\":\"search_term_string\"}}],\"inLanguage\":\"es\"},{\"@type\":\"Organization\",\"@id\":\"https:\/\/butterflystore.com.ar\/web\/#organization\",\"name\":\"Butterfly Store\",\"url\":\"https:\/\/butterflystore.com.ar\/web\/\",\"logo\":{\"@type\":\"ImageObject\",\"inLanguage\":\"es\",\"@id\":\"https:\/\/butterflystore.com.ar\/web\/#\/schema\/logo\/image\/\",\"url\":\"https:\/\/butterflystore.com.ar\/web\/wp-content\/uploads\/2020\/08\/cropped-cropped-cabecera.png\",\"contentUrl\":\"https:\/\/butterflystore.com.ar\/web\/wp-content\/uploads\/2020\/08\/cropped-cropped-cabecera.png\",\"width\":1136,\"height\":430,\"caption\":\"Butterfly Store\"},\"image\":{\"@id\":\"https:\/\/butterflystore.com.ar\/web\/#\/schema\/logo\/image\/\"}}]}<\/script>\n<!-- \/ Yoast SEO plugin. -->","yoast_head_json":{"title":"Como Comprar - Butterfly Store","robots":{"index":"index","follow":"follow","max-snippet":"max-snippet:-1","max-image-preview":"max-image-preview:large","max-video-preview":"max-video-preview:-1"},"canonical":"https:\/\/butterflystore.com.ar\/web\/como-comprar\/","og_locale":"es_ES","og_type":"article","og_title":"Como Comprar - Butterfly Store","og_description":"Primero tenes que ingresar a la tienda. Podes comprar agregando los accesorios al carrito directamente y cuando vayas a finalizar la compra, el sistema te va a pedir los datos","og_url":"https:\/\/butterflystore.com.ar\/web\/como-comprar\/","og_site_name":"Butterfly Store","article_modified_time":"2020-08-12T22:50:48+00:00","twitter_card":"summary_large_image","schema":{"@context":"https:\/\/schema.org","@graph":[{"@type":"WebPage","@id":"https:\/\/butterflystore.com.ar\/web\/como-comprar\/","url":"https:\/\/butterflystore.com.ar\/web\/como-comprar\/","name":"Como Comprar - Butterfly Store","isPartOf":{"@id":"https:\/\/butterflystore.com.ar\/web\/#website"},"datePublished":"2020-07-14T00:27:55+00:00","dateModified":"2020-08-12T22:50:48+00:00","breadcrumb":{"@id":"https:\/\/butterflystore.com.ar\/web\/como-comprar\/#breadcrumb"},"inLanguage":"es","potentialAction":[{"@type":"ReadAction","target":["https:\/\/butterflystore.com.ar\/web\/como-comprar\/"]}]},{"@type":"BreadcrumbList","@id":"https:\/\/butterflystore.com.ar\/web\/como-comprar\/#breadcrumb","itemListElement":[{"@type":"ListItem","position":1,"name":"Portada","item":"https:\/\/butterflystore.com.ar\/web\/"},{"@type":"ListItem","position":2,"name":"Como Comprar"}]},{"@type":"WebSite","@id":"https:\/\/butterflystore.com.ar\/web\/#website","url":"https:\/\/butterflystore.com.ar\/web\/","name":"Butterfly Store","description":"Todo en Acero Quir\u00fargico","publisher":{"@id":"https:\/\/butterflystore.com.ar\/web\/#organization"},"potentialAction":[{"@type":"SearchAction","target":{"@type":"EntryPoint","urlTemplate":"https:\/\/butterflystore.com.ar\/web\/?s={search_term_string}"},"query-input":{"@type":"PropertyValueSpecification","valueRequired":true,"valueName":"search_term_string"}}],"inLanguage":"es"},{"@type":"Organization","@id":"https:\/\/butterflystore.com.ar\/web\/#organization","name":"Butterfly Store","url":"https:\/\/butterflystore.com.ar\/web\/","logo":{"@type":"ImageObject","inLanguage":"es","@id":"https:\/\/butterflystore.com.ar\/web\/#\/schema\/logo\/image\/","url":"https:\/\/butterflystore.com.ar\/web\/wp-content\/uploads\/2020\/08\/cropped-cropped-cabecera.png","contentUrl":"https:\/\/butterflystore.com.ar\/web\/wp-content\/uploads\/2020\/08\/cropped-cropped-cabecera.png","width":1136,"height":430,"caption":"Butterfly Store"},"image":{"@id":"https:\/\/butterflystore.com.ar\/web\/#\/schema\/logo\/image\/"}}]}},"_links":{"self":[{"href":"https:\/\/butterflystore.com.ar\/web\/wp-json\/wp\/v2\/pages\/144","targetHints":{"allow":["GET"]}}],"collection":[{"href":"https:\/\/butterflystore.com.ar\/web\/wp-json\/wp\/v2\/pages"}],"about":[{"href":"https:\/\/butterflystore.com.ar\/web\/wp-json\/wp\/v2\/types\/page"}],"author":[{"embeddable":true,"href":"https:\/\/butterflystore.com.ar\/web\/wp-json\/wp\/v2\/users\/1"}],"replies":[{"embeddable":true,"href":"https:\/\/butterflystore.com.ar\/web\/wp-json\/wp\/v2\/comments?post=144"}],"version-history":[{"count":0,"href":"https:\/\/butterflystore.com.ar\/web\/wp-json\/wp\/v2\/pages\/144\/revisions"}],"wp:attachment":[{"href":"https:\/\/butterflystore.com.ar\/web\/wp-json\/wp\/v2\/media?parent=144"}],"curies":[{"name":"wp","href":"https:\/\/api.w.org\/{rel}","templated":true}]}}